{"id":41,"date":"2024-02-26T15:45:07","date_gmt":"2024-02-26T14:45:07","guid":{"rendered":"https:\/\/manon-garde.fr\/?page_id=41"},"modified":"2024-07-24T08:16:10","modified_gmt":"2024-07-24T06:16:10","slug":"a-propos","status":"publish","type":"page","link":"https:\/\/manon-garde.fr\/index.php\/a-propos\/","title":{"rendered":"\u00c0 Propos"},"content":{"rendered":"\n<div class=\"wp-block-columns is-layout-flex wp-container-core-columns-is-layout-9585aab4 wp-block-columns-is-layout-flex\" style=\"border-style:none;border-width:0px;border-radius:0px;margin-top:0;margin-bottom:0;padding-top:0;padding-right:var(--wp--preset--spacing--40);padding-bottom:0;padding-left:var(--wp--preset--spacing--40)\">\n<div class=\"wp-block-column is-vertically-aligned-center is-layout-flow wp-container-core-column-is-layout-6a27151a wp-block-column-is-layout-flow\" style=\"padding-top:var(--wp--preset--spacing--30);padding-right:var(--wp--preset--spacing--30);padding-bottom:var(--wp--preset--spacing--30);padding-left:var(--wp--preset--spacing--30);flex-basis:100%\">\n<figure class=\"wp-block-image aligncenter size-large is-resized\"><img loading=\"lazy\" decoding=\"async\" width=\"1024\" height=\"1024\" src=\"http:\/\/manon-garde.fr\/wp-content\/uploads\/2024\/06\/IMGP4057-edited-1024x1024.jpg\" alt=\"\" class=\"wp-image-170\" style=\"width:327px;height:auto\" srcset=\"https:\/\/manon-garde.fr\/wp-content\/uploads\/2024\/06\/IMGP4057-edited-1024x1024.jpg 1024w, https:\/\/manon-garde.fr\/wp-content\/uploads\/2024\/06\/IMGP4057-edited-300x300.jpg 300w, https:\/\/manon-garde.fr\/wp-content\/uploads\/2024\/06\/IMGP4057-edited-150x150.jpg 150w, https:\/\/manon-garde.fr\/wp-content\/uploads\/2024\/06\/IMGP4057-edited-768x768.jpg 768w, https:\/\/manon-garde.fr\/wp-content\/uploads\/2024\/06\/IMGP4057-edited-1536x1536.jpg 1536w, https:\/\/manon-garde.fr\/wp-content\/uploads\/2024\/06\/IMGP4057-edited-2048x2048.jpg 2048w\" sizes=\"auto, (max-width: 1024px) 100vw, 1024px\" \/><\/figure>\n<\/div>\n\n\n\n<div class=\"wp-block-column is-layout-flow wp-block-column-is-layout-flow\" style=\"padding-top:var(--wp--preset--spacing--30);padding-right:0;padding-bottom:var(--wp--preset--spacing--30);padding-left:0;flex-basis:100%\">\n<p class=\"has-text-align-center has-medium-font-size\"><strong>Bonjour et bienvenue !<\/strong><\/p>\n\n\n\n<p class=\"has-small-font-size\">Je m\u2019appelle Manon, je suis illustratrice. Je r\u00e9alise des affiches, des portraits, et plus r\u00e9cemment j\u2019illustre une s\u00e9rie de bande dessin\u00e9e pour <strong>les \u00e9ditions Makaka<\/strong>.<br>Apr\u00e8s des \u00e9tudes \u00e0 Cond\u00e9 Paris, j\u2019ai choisi de me lancer en freelance comme illustratrice. Mon univers graphique est doux, po\u00e9tique, et surtout color\u00e9. J\u2019aime repr\u00e9senter des personnages, animaux ou humains, \u00e0 travers leurs \u00e9motions, et leur vision du monde.<br>Pour toute demande de collaboration, n\u2019h\u00e9sitez pas \u00e0 me contacter : <strong>gardemanon1998@gmail.com<\/strong><\/p>\n<\/div>\n<\/div>\n","protected":false},"excerpt":{"rendered":"<p>Bonjour et bienvenue ! Je m\u2019appelle Manon, je suis illustratrice. Je r\u00e9alise des affiches, des portraits, et plus r\u00e9cemment j\u2019illustre une s\u00e9rie de bande dessin\u00e9e pour les \u00e9ditions Makaka.Apr\u00e8s des \u00e9tudes \u00e0 Cond\u00e9 Paris, j\u2019ai choisi de me lancer en freelance comme illustratrice. Mon univers graphique est doux, po\u00e9tique, et surtout color\u00e9. J\u2019aime repr\u00e9senter des [&hellip;]<\/p>\n","protected":false},"author":1,"featured_media":0,"parent":0,"menu_order":0,"comment_status":"closed","ping_status":"closed","template":"","meta":{"footnotes":""},"class_list":["post-41","page","type-page","status-publish","hentry"],"_links":{"self":[{"href":"https:\/\/manon-garde.fr\/index.php\/wp-json\/wp\/v2\/pages\/41","targetHints":{"allow":["GET"]}}],"collection":[{"href":"https:\/\/manon-garde.fr\/index.php\/wp-json\/wp\/v2\/pages"}],"about":[{"href":"https:\/\/manon-garde.fr\/index.php\/wp-json\/wp\/v2\/types\/page"}],"author":[{"embeddable":true,"href":"https:\/\/manon-garde.fr\/index.php\/wp-json\/wp\/v2\/users\/1"}],"replies":[{"embeddable":true,"href":"https:\/\/manon-garde.fr\/index.php\/wp-json\/wp\/v2\/comments?post=41"}],"version-history":[{"count":27,"href":"https:\/\/manon-garde.fr\/index.php\/wp-json\/wp\/v2\/pages\/41\/revisions"}],"predecessor-version":[{"id":313,"href":"https:\/\/manon-garde.fr\/index.php\/wp-json\/wp\/v2\/pages\/41\/revisions\/313"}],"wp:attachment":[{"href":"https:\/\/manon-garde.fr\/index.php\/wp-json\/wp\/v2\/media?parent=41"}],"curies":[{"name":"wp","href":"https:\/\/api.w.org\/{rel}","templated":true}]}}